{"id":216473,"date":"2019-10-10T11:52:34","date_gmt":"2019-10-10T11:52:34","guid":{"rendered":"http:\/\/104.248.252.46\/energy-management\/the-energy-portal-mc-web\/"},"modified":"2019-12-06T14:41:29","modified_gmt":"2019-12-06T14:41:29","slug":"industry","status":"publish","type":"page","link":"https:\/\/megacon.se\/en\/energy-management33\/industry\/","title":{"rendered":"The Energy Portal"},"content":{"rendered":"<p>[et_pb_section fb_built=&#8221;1&#8243; fullwidth=&#8221;on&#8221; _builder_version=&#8221;3.29.3&#8243; fb_built=&#8221;1&#8243; _i=&#8221;0&#8243; _address=&#8221;0&#8243;][et_pb_fullwidth_header subhead=&#8221;The energy portal MC-Web&#8221; logo_image_url=&#8221;https:\/\/megacon.se\/wp-content\/uploads\/2019\/11\/Namnl\u00f6smc.png&#8221; content_max_width=&#8221;57%&#8221; _builder_version=&#8221;3.29.3&#8243; title_text_color=&#8221;#005568&#8243; title_font_size=&#8221;16px&#8221; subhead_font=&#8221;Heebo|700|||||||&#8221; subhead_font_size=&#8221;36px&#8221; subhead_line_height=&#8221;1.1em&#8221; background_color=&#8221;rgba(126,190,197,0)&#8221; background_image=&#8221;https:\/\/megacon.se\/wp-content\/uploads\/2019\/11\/Energiportal.jpeg&#8221; parallax=&#8221;on&#8221; custom_button_one=&#8221;on&#8221; button_one_text_size=&#8221;15px&#8221; button_one_text_color=&#8221;#680055&#8243; button_one_border_width=&#8221;3px&#8221; button_one_border_color=&#8221;#e1e5e7&#8243; button_one_border_radius=&#8221;30px&#8221; button_one_font=&#8221;|700|||||||&#8221; button_one_use_icon=&#8221;off&#8221; button_one_custom_padding=&#8221;10px|30px|10px|30px|true|true&#8221; custom_button_two=&#8221;on&#8221; button_two_text_size=&#8221;15px&#8221; button_two_text_color=&#8221;#005568&#8243; button_two_border_width=&#8221;3px&#8221; button_two_border_color=&#8221;#e1e5e7&#8243; button_two_border_radius=&#8221;30px&#8221; button_two_font=&#8221;|700|||||||&#8221; button_two_use_icon=&#8221;off&#8221; button_two_custom_padding=&#8221;10px|30px|10px|30px|true|true&#8221; background_layout=&#8221;light&#8221; custom_padding=&#8221;180px||80px||false|false&#8221; subhead_font_size_tablet=&#8221;32px&#8221; subhead_font_size_phone=&#8221;28px&#8221; subhead_font_size_last_edited=&#8221;on|phone&#8221; custom_css_header_container=&#8221;background: rgba(255,255,255,0.9);||padding: 50px;||border-radius: 2px;&#8221; _i=&#8221;0&#8243; _address=&#8221;0.0&#8243; button_one_border_color__hover_enabled=&#8221;on|hover&#8221; button_one_border_color__hover=&#8221;#680055&#8243; button_two_border_color__hover_enabled=&#8221;on|hover&#8221; button_two_border_color__hover=&#8221;#005568&#8243;][\/et_pb_fullwidth_header][\/et_pb_section][et_pb_section fb_built=&#8221;1&#8243; _builder_version=&#8221;3.29.3&#8243; fb_built=&#8221;1&#8243; _i=&#8221;1&#8243; _address=&#8221;1&#8243;][et_pb_row column_structure=&#8221;3_4,1_4&#8243; _builder_version=&#8221;3.29.3&#8243; _i=&#8221;0&#8243; _address=&#8221;1.0&#8243;][et_pb_column type=&#8221;3_4&#8243; _builder_version=&#8221;3.29.3&#8243; _i=&#8221;0&#8243; _address=&#8221;1.0.0&#8243;][et_pb_text _builder_version=&#8221;3.29.3&#8243; header_2_font=&#8221;|300|||||||&#8221; header_2_font_size=&#8221;42px&#8221; header_2_font_size_tablet=&#8221;36px&#8221; header_2_font_size_phone=&#8221;32px&#8221; header_2_font_size_last_edited=&#8221;on|phone&#8221; _i=&#8221;0&#8243; _address=&#8221;1.0.0.0&#8243;]<\/p>\n<h2>Megacon&#8217;s energy portal for AMR<\/h2>\n<p>[\/et_pb_text][\/et_pb_column][et_pb_column type=&#8221;1_4&#8243; _builder_version=&#8221;3.29.3&#8243; _i=&#8221;1&#8243; _address=&#8221;1.0.1&#8243;][\/et_pb_column][\/et_pb_row][et_pb_row column_structure=&#8221;2_3,1_3&#8243; _builder_version=&#8221;3.29.3&#8243; _i=&#8221;1&#8243; _address=&#8221;1.1&#8243;][et_pb_column type=&#8221;2_3&#8243; _builder_version=&#8221;3.29.3&#8243; _i=&#8221;0&#8243; _address=&#8221;1.1.0&#8243;][et_pb_image src=&#8221;https:\/\/megacon.se\/wp-content\/uploads\/2019\/10\/web-logo.jpg&#8221; align=&#8221;center&#8221; _builder_version=&#8221;3.29.3&#8243; max_width=&#8221;450px&#8221; _i=&#8221;0&#8243; _address=&#8221;1.1.0.0&#8243;][\/et_pb_image][\/et_pb_column][et_pb_column type=&#8221;1_3&#8243; _builder_version=&#8221;3.29.3&#8243; _i=&#8221;1&#8243; _address=&#8221;1.1.1&#8243;][et_pb_image src=&#8221;https:\/\/megacon.se\/wp-content\/uploads\/2019\/10\/MC-Web-pa-skarmar_560.jpg&#8221; _builder_version=&#8221;3.29.3&#8243; _i=&#8221;0&#8243; _address=&#8221;1.1.1.0&#8243;][\/et_pb_image][\/et_pb_column][\/et_pb_row][et_pb_row column_structure=&#8221;2_3,1_3&#8243; _builder_version=&#8221;3.29.3&#8243; _i=&#8221;2&#8243; _address=&#8221;1.2&#8243; custom_padding=&#8221;||0px|||&#8221;][et_pb_column type=&#8221;2_3&#8243; _builder_version=&#8221;3.29.3&#8243; _i=&#8221;0&#8243; _address=&#8221;1.2.0&#8243;][et_pb_text _builder_version=&#8221;3.29.3&#8243; _i=&#8221;0&#8243; _address=&#8221;1.2.0.0&#8243;]We continue to develop our MC Web software, with many smart features. By logging in via the internet, consumption can be monitored hour by hour to easily compare, for example, different periods and different facilities. In this way, where and when the energy is consumed is shown, which provides a good basis for energy savings.<\/p>\n<p>Let&#8217;s take care of the measurement values in our server for quality assured values. Customizing software to the customer&#8217;s needs is no problem for us, we have the knowledge and capacity within Megacon.[\/et_pb_text][et_pb_text _builder_version=&#8221;3.29.3&#8243; header_2_font=&#8221;|300|||||||&#8221; header_2_font_size=&#8221;32px&#8221; custom_margin=&#8221;||20px||false|false&#8221; header_2_font_size_tablet=&#8221;32px&#8221; header_2_font_size_phone=&#8221;28px&#8221; header_2_font_size_last_edited=&#8221;on|phone&#8221; locked=&#8221;off&#8221; _i=&#8221;1&#8243; _address=&#8221;1.2.0.1&#8243;]More Info[\/et_pb_text][et_pb_text _builder_version=&#8221;3.29.3&#8243; custom_margin=&#8221;||10px||false|false&#8221; _i=&#8221;2&#8243; _address=&#8221;1.2.0.2&#8243;]Get Demo &#8211; MC Web[\/et_pb_text][et_pb_button button_url=&#8221;https:\/\/mc-web.se\/&#8221; url_new_window=&#8221;on&#8221; button_text=&#8221;Click Here&#8221; button_alignment=&#8221;left&#8221; _builder_version=&#8221;3.29.3&#8243; custom_button=&#8221;on&#8221; button_text_size=&#8221;15px&#8221; button_text_color=&#8221;#680055&#8243; button_border_width=&#8221;3px&#8221; button_border_color=&#8221;#e1e5e7&#8243; button_border_radius=&#8221;30px&#8221; button_font=&#8221;|700|||||||&#8221; button_use_icon=&#8221;off&#8221; custom_margin=&#8221;||15px||false|false&#8221; custom_padding=&#8221;10px|30px|10px|30px|true|false&#8221; locked=&#8221;off&#8221; _i=&#8221;3&#8243; _address=&#8221;1.2.0.3&#8243; button_border_color__hover_enabled=&#8221;on|hover&#8221; button_border_color__hover=&#8221;#680055&#8243;][\/et_pb_button][et_pb_text _builder_version=&#8221;3.29.3&#8243; custom_margin=&#8221;||10px||false|false&#8221; _i=&#8221;6&#8243; _address=&#8221;1.2.0.6&#8243;]Download brochure[\/et_pb_text][et_pb_button button_url=&#8221;\/wp-content\/uploads\/2019\/10\/Sa-har-har-du-aldrig-2.pdf&#8221; url_new_window=&#8221;on&#8221; button_text=&#8221;This is how you have never seen your Energy Consumption&#8221; button_alignment=&#8221;left&#8221; _builder_version=&#8221;3.29.3&#8243; custom_button=&#8221;on&#8221; button_text_size=&#8221;15px&#8221; button_text_color=&#8221;#680055&#8243; button_border_width=&#8221;3px&#8221; button_border_color=&#8221;#e1e5e7&#8243; button_border_radius=&#8221;30px&#8221; button_font=&#8221;|700|||||||&#8221; button_icon=&#8221;%%72%%&#8221; button_on_hover=&#8221;off&#8221; custom_margin=&#8221;||15px||false|false&#8221; custom_padding=&#8221;10px|45px|10px|30px|true|false&#8221; locked=&#8221;off&#8221; _i=&#8221;7&#8243; _address=&#8221;1.2.0.7&#8243; button_border_color__hover_enabled=&#8221;on|hover&#8221; button_border_color__hover=&#8221;#680055&#8243;][\/et_pb_button][et_pb_text _builder_version=&#8221;3.29.3&#8243; custom_margin=&#8221;||10px||false|false&#8221; hover_enabled=&#8221;0&#8243; _i=&#8221;4&#8243; _address=&#8221;1.2.0.4&#8243;]User details for demo<br \/>\n[\/et_pb_text][\/et_pb_column][et_pb_column type=&#8221;1_3&#8243; _builder_version=&#8221;3.29.3&#8243; _i=&#8221;1&#8243; _address=&#8221;1.2.1&#8243;][et_pb_image src=&#8221;https:\/\/megacon.se\/wp-content\/uploads\/2019\/10\/mc-web1_350.jpg&#8221; _builder_version=&#8221;3.29.3&#8243; _i=&#8221;0&#8243; _address=&#8221;1.2.1.0&#8243;][\/et_pb_image][\/et_pb_column][\/et_pb_row][et_pb_row _builder_version=&#8221;3.29.3&#8243; column_structure=&#8221;1_4,1_4,1_4,1_4&#8243; custom_padding=&#8221;0px|||||&#8221;][et_pb_column _builder_version=&#8221;3.29.3&#8243; type=&#8221;1_4&#8243;][et_pb_text _builder_version=&#8221;3.29.3&#8243; background_color=&#8221;#0092b3&#8243; background_layout=&#8221;dark&#8221; custom_margin=&#8221;|-54px||16px||&#8221; custom_padding=&#8221;30px|11px|30px|11px|true|true&#8221; border_radii=&#8221;on|5px|5px|5px|5px&#8221; _i=&#8221;1&#8243; _address=&#8221;1.1.2.1&#8243; locked=&#8221;off&#8221;]<strong>Georg Stockhaus<\/strong><br \/>\nMarknad\/F\u00f6rs\u00e4ljning Energim\u00e4tning<br \/>\n08-402 42 54<br \/>\n070-227 01 13<br \/>\n<a class=\"aclass-to-email\" href=\"mailto:georg.stockhaus@megacon.se\" target=\"_blank\" rel=\"noopener noreferrer\">georg.stockhaus@megacon.se<\/a>[\/et_pb_text][\/et_pb_column][et_pb_column _builder_version=&#8221;3.29.3&#8243; type=&#8221;1_4&#8243;][et_pb_text _builder_version=&#8221;3.29.3&#8243; background_color=&#8221;#0092b3&#8243; background_layout=&#8221;dark&#8221; custom_margin=&#8221;|-57px||20px||&#8221; custom_padding=&#8221;30px|22px|30px|22px|true|true&#8221; border_radii=&#8221;on|5px|5px|5px|5px&#8221; _i=&#8221;2&#8243; _address=&#8221;1.1.2.2&#8243; locked=&#8221;off&#8221;]<strong>Peyman Shamdani<\/strong><br \/>\nUtveckling\/IT<br \/>\n08-402 42 59<br \/>\n070-230 36 19<br \/>\n<a class=\"aclass-to-email\" href=\"mailto:peyman.shamdani@megacon.se\" target=\"_blank\" rel=\"noopener noreferrer\">peyman.shamdani@megacon.se<\/a>[\/et_pb_text][\/et_pb_column][et_pb_column _builder_version=&#8221;3.29.3&#8243; type=&#8221;1_4&#8243;][\/et_pb_column][et_pb_column _builder_version=&#8221;3.29.3&#8243; type=&#8221;1_4&#8243;][\/et_pb_column][\/et_pb_row][\/et_pb_section]<\/p>\n","protected":false},"excerpt":{"rendered":"<p>Megacon&#8217;s energy portal for AMRWe continue to develop our MC Web software, with many smart features. By logging in via the internet, consumption can be monitored hour by hour to easily compare, for example, different periods and different facilities. In this way, where and when the energy is consumed is shown, which provides a good [&hellip;]<\/p>\n","protected":false},"author":1,"featured_media":0,"parent":216471,"menu_order":0,"comment_status":"closed","ping_status":"closed","template":"","meta":{"_et_pb_use_builder":"on","_et_pb_old_content":"<!-- wp:divi\/placeholder \/-->","_et_gb_content_width":"","footnotes":""},"class_list":["post-216473","page","type-page","status-publish","hentry"],"_links":{"self":[{"href":"https:\/\/megacon.se\/en\/wp-json\/wp\/v2\/pages\/216473\/"}],"collection":[{"href":"https:\/\/megacon.se\/en\/wp-json\/wp\/v2\/pages\/"}],"about":[{"href":"https:\/\/megacon.se\/en\/wp-json\/wp\/v2\/types\/page\/"}],"author":[{"embeddable":true,"href":"https:\/\/megacon.se\/en\/wp-json\/wp\/v2\/users\/1\/"}],"replies":[{"embeddable":true,"href":"https:\/\/megacon.se\/en\/wp-json\/wp\/v2\/comments\/?post=216473"}],"version-history":[{"count":9,"href":"https:\/\/megacon.se\/en\/wp-json\/wp\/v2\/pages\/216473\/revisions\/"}],"predecessor-version":[{"id":218344,"href":"https:\/\/megacon.se\/en\/wp-json\/wp\/v2\/pages\/216473\/revisions\/218344\/"}],"up":[{"embeddable":true,"href":"https:\/\/megacon.se\/en\/wp-json\/wp\/v2\/pages\/216471\/"}],"wp:attachment":[{"href":"https:\/\/megacon.se\/en\/wp-json\/wp\/v2\/media\/?parent=216473"}],"curies":[{"name":"wp","href":"https:\/\/api.w.org\/{rel}","templated":true}]}}